{"id":553,"date":"2025-10-17T08:25:45","date_gmt":"2025-10-17T08:25:45","guid":{"rendered":"https:\/\/zdunekknives.com\/?page_id=553"},"modified":"2025-10-21T13:22:11","modified_gmt":"2025-10-21T13:22:11","slug":"newsletter","status":"publish","type":"page","link":"https:\/\/zdunekknives.com\/en\/newsletter\/","title":{"rendered":"Newsletter"},"content":{"rendered":"<div data-elementor-type=\"wp-page\" data-elementor-id=\"553\" class=\"elementor elementor-553\">\n\t\t\t\t\t\t<section class=\"elementor-section elementor-top-section elementor-element elementor-element-f468e3c elementor-section-height-min-height elementor-section-boxed elementor-section-height-default elementor-section-items-middle\" data-id=\"f468e3c\" data-element_type=\"section\" data-e-type=\"section\" data-settings=\"{&quot;background_background&quot;:&quot;classic&quot;}\">\n\t\t\t\t\t\t<div class=\"elementor-container elementor-column-gap-default\">\n\t\t\t\t\t<div class=\"elementor-column elementor-col-100 elementor-top-column elementor-element elementor-element-fd37e40\" data-id=\"fd37e40\" data-element_type=\"column\" data-e-type=\"column\">\n\t\t\t<div class=\"elementor-widget-wrap elementor-element-populated\">\n\t\t\t\t\t\t<div class=\"elementor-element elementor-element-244b7ee elementor-widget elementor-widget-page-title\" data-id=\"244b7ee\" data-element_type=\"widget\" data-e-type=\"widget\" data-widget_type=\"page-title.default\">\n\t\t\t\t<div class=\"elementor-widget-container\">\n\t\t\t\t\t\t\t\n\t\t<div class=\"hfe-page-title hfe-page-title-wrapper elementor-widget-heading\">\n\n\t\t\t\t\t\t\t\t\t\t\t<a href=\"https:\/\/zdunekknives.com\/en\">\n\t\t\t\t\t\t<h1 class=\"elementor-heading-title elementor-size-default\">\n\t\t\t\t\t\t\t\t\n\t\t\t\tNewsletter  \n\t\t\t<\/h1> \n\t\t\t\t\t\t\t\t\t<\/a>\n\t\t\t\t\t<\/div>\n\t\t\t\t\t\t<\/div>\n\t\t\t\t<\/div>\n\t\t\t\t<div class=\"elementor-element elementor-element-25713a8 elementor-widget elementor-widget-eael-breadcrumbs\" data-id=\"25713a8\" data-element_type=\"widget\" data-e-type=\"widget\" data-widget_type=\"eael-breadcrumbs.default\">\n\t\t\t\t<div class=\"elementor-widget-container\">\n\t\t\t\t\t\t\t<div class=\"eael-breadcrumbs\">\n\t\t\t<div class=\"eael-breadcrumbs__content\"><a href=\"https:\/\/zdunekknives.com\/en\">Home<\/a> <span class=\"eael-breadcrumb-separator\">\/<\/span> <span class = \"eael-current\">Page<\/span><\/div>\t\t<\/div>\n\t\t\t\t\t\t<\/div>\n\t\t\t\t<\/div>\n\t\t\t\t\t<\/div>\n\t\t<\/div>\n\t\t\t\t\t<\/div>\n\t\t<\/section>\n\t\t\t\t<section class=\"elementor-section elementor-top-section elementor-element elementor-element-ed2fd58 elementor-section-boxed elementor-section-height-default elementor-section-height-default\" data-id=\"ed2fd58\" data-element_type=\"section\" data-e-type=\"section\">\n\t\t\t\t\t\t<div class=\"elementor-container elementor-column-gap-default\">\n\t\t\t\t\t<div class=\"elementor-column elementor-col-100 elementor-top-column elementor-element elementor-element-4e9c101\" data-id=\"4e9c101\" data-element_type=\"column\" data-e-type=\"column\">\n\t\t\t<div class=\"elementor-widget-wrap elementor-element-populated\">\n\t\t\t\t\t\t<div class=\"elementor-element elementor-element-92e5a49 elementor-widget elementor-widget-heading\" data-id=\"92e5a49\" data-element_type=\"widget\" data-e-type=\"widget\" data-widget_type=\"heading.default\">\n\t\t\t\t<div class=\"elementor-widget-container\">\n\t\t\t\t\t<h2 class=\"elementor-heading-title elementor-size-default\">How to choose a knife that will stay with you for many years?<\/h2>\t\t\t\t<\/div>\n\t\t\t\t<\/div>\n\t\t\t\t<div class=\"elementor-element elementor-element-67e32dd elementor-widget elementor-widget-heading\" data-id=\"67e32dd\" data-element_type=\"widget\" data-e-type=\"widget\" data-widget_type=\"heading.default\">\n\t\t\t\t<div class=\"elementor-widget-container\">\n\t\t\t\t\t<div class=\"elementor-heading-title elementor-size-default\">Each of my knives is born from a combination of fire, steel, wood and passion. I choose materials with a soul: stainless steel, wood made from recycled oaks or horn that carries the history of the forest. My knives are handmade-from the first cut to cutting and engraving. There is no room for mass production, only patience and artisan precision.<\/div>\t\t\t\t<\/div>\n\t\t\t\t<\/div>\n\t\t\t\t<div class=\"elementor-element elementor-element-9c053dd elementor-widget elementor-widget-heading\" data-id=\"9c053dd\" data-element_type=\"widget\" data-e-type=\"widget\" data-widget_type=\"heading.default\">\n\t\t\t\t<div class=\"elementor-widget-container\">\n\t\t\t\t\t<div class=\"elementor-heading-title elementor-size-default\">I have prepared a mini-training course for you that will help you consciously choose a knife-whether for hunting, handicraft or everyday use. <\/div>\t\t\t\t<\/div>\n\t\t\t\t<\/div>\n\t\t\t\t<div class=\"elementor-element elementor-element-0c1a55f elementor-widget elementor-widget-heading\" data-id=\"0c1a55f\" data-element_type=\"widget\" data-e-type=\"widget\" data-widget_type=\"heading.default\">\n\t\t\t\t<div class=\"elementor-widget-container\">\n\t\t\t\t\t<div class=\"elementor-heading-title elementor-size-default\">Enter your email address and the tutorial will be sent within 10 minutes!<\/div>\t\t\t\t<\/div>\n\t\t\t\t<\/div>\n\t\t\t\t<div class=\"elementor-element elementor-element-5ed740e elementor-widget-divider--view-line elementor-widget elementor-widget-divider\" data-id=\"5ed740e\" data-element_type=\"widget\" data-e-type=\"widget\" data-widget_type=\"divider.default\">\n\t\t\t\t<div class=\"elementor-widget-container\">\n\t\t\t\t\t\t\t<div class=\"elementor-divider\">\n\t\t\t<span class=\"elementor-divider-separator\">\n\t\t\t\t\t\t<\/span>\n\t\t<\/div>\n\t\t\t\t\t\t<\/div>\n\t\t\t\t<\/div>\n\t\t\t\t\t<\/div>\n\t\t<\/div>\n\t\t\t\t\t<\/div>\n\t\t<\/section>\n\t\t\t\t<section class=\"elementor-section elementor-top-section elementor-element elementor-element-953bba1 elementor-section-boxed elementor-section-height-default elementor-section-height-default\" data-id=\"953bba1\" data-element_type=\"section\" data-e-type=\"section\">\n\t\t\t\t\t\t<div class=\"elementor-container elementor-column-gap-default\">\n\t\t\t\t\t<div class=\"elementor-column elementor-col-50 elementor-top-column elementor-element elementor-element-a14c0e9\" data-id=\"a14c0e9\" data-element_type=\"column\" data-e-type=\"column\">\n\t\t\t<div class=\"elementor-widget-wrap elementor-element-populated\">\n\t\t\t\t\t\t<div class=\"elementor-element elementor-element-3e8a2c9 elementor-widget elementor-widget-image\" data-id=\"3e8a2c9\" data-element_type=\"widget\" data-e-type=\"widget\" data-widget_type=\"image.default\">\n\t\t\t\t<div class=\"elementor-widget-container\">\n\t\t\t\t\t\t\t\t\t\t\t\t\t\t\t<img fetchpriority=\"high\" decoding=\"async\" width=\"531\" height=\"531\" src=\"https:\/\/zdunekknives.com\/wp-content\/uploads\/2025\/10\/sygnet_black.webp\" class=\"attachment-large size-large wp-image-139\" alt=\"\" srcset=\"https:\/\/zdunekknives.com\/wp-content\/uploads\/2025\/10\/sygnet_black.webp 531w, https:\/\/zdunekknives.com\/wp-content\/uploads\/2025\/10\/sygnet_black-300x300.webp 300w, https:\/\/zdunekknives.com\/wp-content\/uploads\/2025\/10\/sygnet_black-150x150.webp 150w\" sizes=\"(max-width: 531px) 100vw, 531px\" \/>\t\t\t\t\t\t\t\t\t\t\t\t\t\t\t<\/div>\n\t\t\t\t<\/div>\n\t\t\t\t\t<\/div>\n\t\t<\/div>\n\t\t\t\t<div class=\"elementor-column elementor-col-50 elementor-top-column elementor-element elementor-element-b88e5e1\" data-id=\"b88e5e1\" data-element_type=\"column\" data-e-type=\"column\">\n\t\t\t<div class=\"elementor-widget-wrap elementor-element-populated\">\n\t\t\t\t\t\t<div class=\"elementor-element elementor-element-4e1392a elementor-widget elementor-widget-shortcode\" data-id=\"4e1392a\" data-element_type=\"widget\" data-e-type=\"widget\" data-widget_type=\"shortcode.default\">\n\t\t\t\t<div class=\"elementor-widget-container\">\n\t\t\t\t\t\t\t<div class=\"elementor-shortcode\">\n<div class=\"wpcf7 no-js\" id=\"wpcf7-f563-o1\" lang=\"pl-PL\" dir=\"ltr\" data-wpcf7-id=\"563\">\n<div class=\"screen-reader-response\"><p role=\"status\" aria-live=\"polite\" aria-atomic=\"true\"><\/p> <ul><\/ul><\/div>\n<form action=\"\/en\/wp-json\/wp\/v2\/pages\/553#wpcf7-f563-o1\" method=\"post\" class=\"wpcf7-form init\" aria-label=\"Formularz kontaktowy\" novalidate=\"novalidate\" data-status=\"init\" data-trp-original-action=\"\/en\/wp-json\/wp\/v2\/pages\/553#wpcf7-f563-o1\">\n<fieldset class=\"hidden-fields-container\"><input type=\"hidden\" name=\"_wpcf7\" value=\"563\" \/><input type=\"hidden\" name=\"_wpcf7_version\" value=\"6.1.5\" \/><input type=\"hidden\" name=\"_wpcf7_locale\" value=\"pl_PL\" \/><input type=\"hidden\" name=\"_wpcf7_unit_tag\" value=\"wpcf7-f563-o1\" \/><input type=\"hidden\" name=\"_wpcf7_container_post\" value=\"0\" \/><input type=\"hidden\" name=\"_wpcf7_posted_data_hash\" value=\"\" \/>\n<\/fieldset>\n<p><label> Your e-maill adress <span class=\"wpcf7-form-control-wrap\" data-name=\"your-email\"><input size=\"40\" maxlength=\"400\" class=\"wpcf7-form-control wpcf7-email wpcf7-validates-as-required wpcf7-text wpcf7-validates-as-email\" autocomplete=\"email\" aria-required=\"true\" aria-invalid=\"false\" value=\"\" type=\"email\" name=\"your-email\" \/><\/span> <\/label><br \/>\n<span class=\"wpcf7-form-control-wrap\" data-name=\"acceptance-824\"><span class=\"wpcf7-form-control wpcf7-acceptance optional\"><span class=\"wpcf7-list-item\"><label><input type=\"checkbox\" name=\"acceptance-824\" value=\"1\" aria-invalid=\"false\" \/><span class=\"wpcf7-list-item-label\">I consent to the processing of my personal data by Revasdomo sp. z o.o., with its registered office at ul. F. Klimczaka 17 lok 80, 02-797 Warsaw, NIP: 5213559751, for the purpose of initiating direct contact and presenting a commercial offer. Consent is voluntary. I have the right to withdraw consent at any time (data is processed until consent is withdrawn). I have the right to access, rectify, erase, or limit processing of my data, the right to object, the right to lodge a complaint with a supervisory authority, or to transfer my data.<\/span><\/label><\/span><\/span><\/span><br \/>\n<input class=\"wpcf7-form-control wpcf7-submit has-spinner\" type=\"submit\" value=\"Download free e-book\" \/>\n<\/p><div class=\"wpcf7-response-output\" aria-hidden=\"true\"><\/div>\n<input type=\"hidden\" name=\"trp-form-language\" value=\"en\"\/><\/form>\n<\/div>\n<\/div>\n\t\t\t\t\t\t<\/div>\n\t\t\t\t<\/div>\n\t\t\t\t\t<\/div>\n\t\t<\/div>\n\t\t\t\t\t<\/div>\n\t\t<\/section>\n\t\t\t\t<\/div>","protected":false},"excerpt":{"rendered":"<p>Newsletter Home \/ Strona Jak wybra\u0107 n\u00f3\u017c, kt\u00f3ry zostanie z Tob\u0105 na lata? Ka\u017cdy m\u00f3j n\u00f3\u017c rodzi si\u0119 z po\u0142\u0105czenia ognia, stali, drewna i pasji. Wybieram materia\u0142y z dusz\u0105: stal nierdzewna, drewno z odzyskanych d\u0119b\u00f3w czy r\u00f3g, kt\u00f3ry niesie w sobie histori\u0119 lasu. Moje no\u017ce s\u0105 tworzone r\u0119cznie \u2013 od pierwszego ci\u0119cia, przez szlif, po&hellip;&nbsp;<a href=\"https:\/\/zdunekknives.com\/en\/newsletter\/\" class=\"\" rel=\"bookmark\">Read More &raquo;<span class=\"screen-reader-text\">Newsletter<\/span><\/a><\/p>","protected":false},"author":1,"featured_media":0,"parent":0,"menu_order":0,"comment_status":"closed","ping_status":"closed","template":"page-templates\/template-pagebuilder-full-width.php","meta":{"neve_meta_sidebar":"","neve_meta_container":"","neve_meta_enable_content_width":"","neve_meta_content_width":0,"neve_meta_title_alignment":"","neve_meta_author_avatar":"","neve_post_elements_order":"","neve_meta_disable_header":"","neve_meta_disable_footer":"","neve_meta_disable_title":"","footnotes":""},"class_list":["post-553","page","type-page","status-publish","hentry"],"yoast_head":"<!-- This site is optimized with the Yoast SEO plugin v27.4 - https:\/\/yoast.com\/product\/yoast-seo-wordpress\/ -->\n<title>Newsletter - zdunekknives.com<\/title>\n<meta name=\"robots\" content=\"index, follow, max-snippet:-1, max-image-preview:large, max-video-preview:-1\" \/>\n<link rel=\"canonical\" href=\"https:\/\/zdunekknives.com\/en\/newsletter\/\" \/>\n<meta property=\"og:locale\" content=\"en_US\" \/>\n<meta property=\"og:type\" content=\"article\" \/>\n<meta property=\"og:title\" content=\"Newsletter - zdunekknives.com\" \/>\n<meta property=\"og:description\" content=\"Newsletter Home \/ Strona Jak wybra\u0107 n\u00f3\u017c, kt\u00f3ry zostanie z Tob\u0105 na lata? Ka\u017cdy m\u00f3j n\u00f3\u017c rodzi si\u0119 z po\u0142\u0105czenia ognia, stali, drewna i pasji. Wybieram materia\u0142y z dusz\u0105: stal nierdzewna, drewno z odzyskanych d\u0119b\u00f3w czy r\u00f3g, kt\u00f3ry niesie w sobie histori\u0119 lasu. Moje no\u017ce s\u0105 tworzone r\u0119cznie \u2013 od pierwszego ci\u0119cia, przez szlif, po&hellip;&nbsp;Read More &raquo;Newsletter\" \/>\n<meta property=\"og:url\" content=\"https:\/\/zdunekknives.com\/en\/newsletter\/\" \/>\n<meta property=\"og:site_name\" content=\"zdunekknives.com\" \/>\n<meta property=\"article:modified_time\" content=\"2025-10-21T13:22:11+00:00\" \/>\n<meta property=\"og:image\" content=\"https:\/\/zdunekknives.com\/wp-content\/uploads\/2025\/10\/sygnet_black.webp\" \/>\n\t<meta property=\"og:image:width\" content=\"531\" \/>\n\t<meta property=\"og:image:height\" content=\"531\" \/>\n\t<meta property=\"og:image:type\" content=\"image\/webp\" \/>\n<meta name=\"twitter:card\" content=\"summary_large_image\" \/>\n<meta name=\"twitter:label1\" content=\"Est. reading time\" \/>\n\t<meta name=\"twitter:data1\" content=\"1 minute\" \/>\n<script type=\"application\/ld+json\" class=\"yoast-schema-graph\">{\"@context\":\"https:\\\/\\\/schema.org\",\"@graph\":[{\"@type\":\"WebPage\",\"@id\":\"https:\\\/\\\/zdunekknives.com\\\/newsletter\\\/\",\"url\":\"https:\\\/\\\/zdunekknives.com\\\/newsletter\\\/\",\"name\":\"Newsletter - zdunekknives.com\",\"isPartOf\":{\"@id\":\"https:\\\/\\\/zdunekknives.com\\\/#website\"},\"primaryImageOfPage\":{\"@id\":\"https:\\\/\\\/zdunekknives.com\\\/newsletter\\\/#primaryimage\"},\"image\":{\"@id\":\"https:\\\/\\\/zdunekknives.com\\\/newsletter\\\/#primaryimage\"},\"thumbnailUrl\":\"https:\\\/\\\/zdunekknives.com\\\/wp-content\\\/uploads\\\/2025\\\/10\\\/sygnet_black.webp\",\"datePublished\":\"2025-10-17T08:25:45+00:00\",\"dateModified\":\"2025-10-21T13:22:11+00:00\",\"breadcrumb\":{\"@id\":\"https:\\\/\\\/zdunekknives.com\\\/newsletter\\\/#breadcrumb\"},\"inLanguage\":\"en-US\",\"potentialAction\":[{\"@type\":\"ReadAction\",\"target\":[\"https:\\\/\\\/zdunekknives.com\\\/newsletter\\\/\"]}]},{\"@type\":\"ImageObject\",\"inLanguage\":\"en-US\",\"@id\":\"https:\\\/\\\/zdunekknives.com\\\/newsletter\\\/#primaryimage\",\"url\":\"https:\\\/\\\/zdunekknives.com\\\/wp-content\\\/uploads\\\/2025\\\/10\\\/sygnet_black.webp\",\"contentUrl\":\"https:\\\/\\\/zdunekknives.com\\\/wp-content\\\/uploads\\\/2025\\\/10\\\/sygnet_black.webp\"},{\"@type\":\"BreadcrumbList\",\"@id\":\"https:\\\/\\\/zdunekknives.com\\\/newsletter\\\/#breadcrumb\",\"itemListElement\":[{\"@type\":\"ListItem\",\"position\":1,\"name\":\"Strona g\u0142\u00f3wna\",\"item\":\"https:\\\/\\\/zdunekknives.com\\\/\"},{\"@type\":\"ListItem\",\"position\":2,\"name\":\"Newsletter\"}]},{\"@type\":\"WebSite\",\"@id\":\"https:\\\/\\\/zdunekknives.com\\\/#website\",\"url\":\"https:\\\/\\\/zdunekknives.com\\\/\",\"name\":\"zdunekknives.com\",\"description\":\"\",\"publisher\":{\"@id\":\"https:\\\/\\\/zdunekknives.com\\\/#\\\/schema\\\/person\\\/8302678bb4af7e4efd62b144282bb378\"},\"potentialAction\":[{\"@type\":\"SearchAction\",\"target\":{\"@type\":\"EntryPoint\",\"urlTemplate\":\"https:\\\/\\\/zdunekknives.com\\\/?s={search_term_string}\"},\"query-input\":{\"@type\":\"PropertyValueSpecification\",\"valueRequired\":true,\"valueName\":\"search_term_string\"}}],\"inLanguage\":\"en-US\"},{\"@type\":[\"Person\",\"Organization\"],\"@id\":\"https:\\\/\\\/zdunekknives.com\\\/#\\\/schema\\\/person\\\/8302678bb4af7e4efd62b144282bb378\",\"name\":\"Hubert Zdunek\",\"image\":{\"@type\":\"ImageObject\",\"inLanguage\":\"en-US\",\"@id\":\"https:\\\/\\\/zdunekknives.com\\\/wp-content\\\/uploads\\\/2025\\\/10\\\/foto3.webp\",\"url\":\"https:\\\/\\\/zdunekknives.com\\\/wp-content\\\/uploads\\\/2025\\\/10\\\/foto3.webp\",\"contentUrl\":\"https:\\\/\\\/zdunekknives.com\\\/wp-content\\\/uploads\\\/2025\\\/10\\\/foto3.webp\",\"width\":960,\"height\":951,\"caption\":\"Hubert Zdunek\"},\"logo\":{\"@id\":\"https:\\\/\\\/zdunekknives.com\\\/wp-content\\\/uploads\\\/2025\\\/10\\\/foto3.webp\"}}]}<\/script>\n<!-- \/ Yoast SEO plugin. -->","yoast_head_json":{"title":"Newsletter - zdunekknives.com","robots":{"index":"index","follow":"follow","max-snippet":"max-snippet:-1","max-image-preview":"max-image-preview:large","max-video-preview":"max-video-preview:-1"},"canonical":"https:\/\/zdunekknives.com\/en\/newsletter\/","og_locale":"en_US","og_type":"article","og_title":"Newsletter - zdunekknives.com","og_description":"Newsletter Home \/ Strona Jak wybra\u0107 n\u00f3\u017c, kt\u00f3ry zostanie z Tob\u0105 na lata? Ka\u017cdy m\u00f3j n\u00f3\u017c rodzi si\u0119 z po\u0142\u0105czenia ognia, stali, drewna i pasji. Wybieram materia\u0142y z dusz\u0105: stal nierdzewna, drewno z odzyskanych d\u0119b\u00f3w czy r\u00f3g, kt\u00f3ry niesie w sobie histori\u0119 lasu. Moje no\u017ce s\u0105 tworzone r\u0119cznie \u2013 od pierwszego ci\u0119cia, przez szlif, po&hellip;&nbsp;Read More &raquo;Newsletter","og_url":"https:\/\/zdunekknives.com\/en\/newsletter\/","og_site_name":"zdunekknives.com","article_modified_time":"2025-10-21T13:22:11+00:00","og_image":[{"width":531,"height":531,"url":"https:\/\/zdunekknives.com\/wp-content\/uploads\/2025\/10\/sygnet_black.webp","type":"image\/webp"}],"twitter_card":"summary_large_image","twitter_misc":{"Est. reading time":"1 minute"},"schema":{"@context":"https:\/\/schema.org","@graph":[{"@type":"WebPage","@id":"https:\/\/zdunekknives.com\/newsletter\/","url":"https:\/\/zdunekknives.com\/newsletter\/","name":"Newsletter - zdunekknives.com","isPartOf":{"@id":"https:\/\/zdunekknives.com\/#website"},"primaryImageOfPage":{"@id":"https:\/\/zdunekknives.com\/newsletter\/#primaryimage"},"image":{"@id":"https:\/\/zdunekknives.com\/newsletter\/#primaryimage"},"thumbnailUrl":"https:\/\/zdunekknives.com\/wp-content\/uploads\/2025\/10\/sygnet_black.webp","datePublished":"2025-10-17T08:25:45+00:00","dateModified":"2025-10-21T13:22:11+00:00","breadcrumb":{"@id":"https:\/\/zdunekknives.com\/newsletter\/#breadcrumb"},"inLanguage":"en-US","potentialAction":[{"@type":"ReadAction","target":["https:\/\/zdunekknives.com\/newsletter\/"]}]},{"@type":"ImageObject","inLanguage":"en-US","@id":"https:\/\/zdunekknives.com\/newsletter\/#primaryimage","url":"https:\/\/zdunekknives.com\/wp-content\/uploads\/2025\/10\/sygnet_black.webp","contentUrl":"https:\/\/zdunekknives.com\/wp-content\/uploads\/2025\/10\/sygnet_black.webp"},{"@type":"BreadcrumbList","@id":"https:\/\/zdunekknives.com\/newsletter\/#breadcrumb","itemListElement":[{"@type":"ListItem","position":1,"name":"Strona g\u0142\u00f3wna","item":"https:\/\/zdunekknives.com\/"},{"@type":"ListItem","position":2,"name":"Newsletter"}]},{"@type":"WebSite","@id":"https:\/\/zdunekknives.com\/#website","url":"https:\/\/zdunekknives.com\/","name":"zdunekknives.com","description":"","publisher":{"@id":"https:\/\/zdunekknives.com\/#\/schema\/person\/8302678bb4af7e4efd62b144282bb378"},"potentialAction":[{"@type":"SearchAction","target":{"@type":"EntryPoint","urlTemplate":"https:\/\/zdunekknives.com\/?s={search_term_string}"},"query-input":{"@type":"PropertyValueSpecification","valueRequired":true,"valueName":"search_term_string"}}],"inLanguage":"en-US"},{"@type":["Person","Organization"],"@id":"https:\/\/zdunekknives.com\/#\/schema\/person\/8302678bb4af7e4efd62b144282bb378","name":"Hubert Zdunek","image":{"@type":"ImageObject","inLanguage":"en-US","@id":"https:\/\/zdunekknives.com\/wp-content\/uploads\/2025\/10\/foto3.webp","url":"https:\/\/zdunekknives.com\/wp-content\/uploads\/2025\/10\/foto3.webp","contentUrl":"https:\/\/zdunekknives.com\/wp-content\/uploads\/2025\/10\/foto3.webp","width":960,"height":951,"caption":"Hubert Zdunek"},"logo":{"@id":"https:\/\/zdunekknives.com\/wp-content\/uploads\/2025\/10\/foto3.webp"}}]}},"_links":{"self":[{"href":"https:\/\/zdunekknives.com\/en\/wp-json\/wp\/v2\/pages\/553","targetHints":{"allow":["GET"]}}],"collection":[{"href":"https:\/\/zdunekknives.com\/en\/wp-json\/wp\/v2\/pages"}],"about":[{"href":"https:\/\/zdunekknives.com\/en\/wp-json\/wp\/v2\/types\/page"}],"author":[{"embeddable":true,"href":"https:\/\/zdunekknives.com\/en\/wp-json\/wp\/v2\/users\/1"}],"replies":[{"embeddable":true,"href":"https:\/\/zdunekknives.com\/en\/wp-json\/wp\/v2\/comments?post=553"}],"version-history":[{"count":16,"href":"https:\/\/zdunekknives.com\/en\/wp-json\/wp\/v2\/pages\/553\/revisions"}],"predecessor-version":[{"id":583,"href":"https:\/\/zdunekknives.com\/en\/wp-json\/wp\/v2\/pages\/553\/revisions\/583"}],"wp:attachment":[{"href":"https:\/\/zdunekknives.com\/en\/wp-json\/wp\/v2\/media?parent=553"}],"curies":[{"name":"wp","href":"https:\/\/api.w.org\/{rel}","templated":true}]}}