{"id":512,"date":"2025-10-14T10:38:57","date_gmt":"2025-10-14T10:38:57","guid":{"rendered":"https:\/\/zdunekknives.com\/?page_id=512"},"modified":"2025-10-15T15:26:26","modified_gmt":"2025-10-15T15:26:26","slug":"kontakt","status":"publish","type":"page","link":"https:\/\/zdunekknives.com\/en\/kontakt\/","title":{"rendered":"Contact Information"},"content":{"rendered":"<div data-elementor-type=\"wp-page\" data-elementor-id=\"512\" class=\"elementor elementor-512\">\n\t\t\t\t\t\t<section class=\"elementor-section elementor-top-section elementor-element elementor-element-452e540 elementor-section-height-min-height elementor-section-boxed elementor-section-height-default elementor-section-items-middle\" data-id=\"452e540\" data-element_type=\"section\" data-e-type=\"section\" data-settings=\"{&quot;background_background&quot;:&quot;classic&quot;}\">\n\t\t\t\t\t\t<div class=\"elementor-container elementor-column-gap-default\">\n\t\t\t\t\t<div class=\"elementor-column elementor-col-100 elementor-top-column elementor-element elementor-element-dde964f\" data-id=\"dde964f\" data-element_type=\"column\" data-e-type=\"column\">\n\t\t\t<div class=\"elementor-widget-wrap elementor-element-populated\">\n\t\t\t\t\t\t<div class=\"elementor-element elementor-element-94755f2 elementor-widget elementor-widget-page-title\" data-id=\"94755f2\" data-element_type=\"widget\" data-e-type=\"widget\" data-widget_type=\"page-title.default\">\n\t\t\t\t<div class=\"elementor-widget-container\">\n\t\t\t\t\t\t\t\n\t\t<div class=\"hfe-page-title hfe-page-title-wrapper elementor-widget-heading\">\n\n\t\t\t\t\t\t\t\t\t\t\t<a href=\"https:\/\/zdunekknives.com\/en\">\n\t\t\t\t\t\t<h1 class=\"elementor-heading-title elementor-size-default\">\n\t\t\t\t\t\t\t\t\n\t\t\t\tContact Information  \n\t\t\t<\/h1> \n\t\t\t\t\t\t\t\t\t<\/a>\n\t\t\t\t\t<\/div>\n\t\t\t\t\t\t<\/div>\n\t\t\t\t<\/div>\n\t\t\t\t<div class=\"elementor-element elementor-element-36d5719 elementor-widget elementor-widget-eael-breadcrumbs\" data-id=\"36d5719\" data-element_type=\"widget\" data-e-type=\"widget\" data-widget_type=\"eael-breadcrumbs.default\">\n\t\t\t\t<div class=\"elementor-widget-container\">\n\t\t\t\t\t\t\t<div class=\"eael-breadcrumbs\">\n\t\t\t<div class=\"eael-breadcrumbs__content\"><a href=\"https:\/\/zdunekknives.com\/en\">Home<\/a> <span class=\"eael-breadcrumb-separator\">\/<\/span> <span class = \"eael-current\">Page<\/span><\/div>\t\t<\/div>\n\t\t\t\t\t\t<\/div>\n\t\t\t\t<\/div>\n\t\t\t\t\t<\/div>\n\t\t<\/div>\n\t\t\t\t\t<\/div>\n\t\t<\/section>\n\t\t\t\t<section class=\"elementor-section elementor-top-section elementor-element elementor-element-19aa8b3 elementor-section-boxed elementor-section-height-default elementor-section-height-default\" data-id=\"19aa8b3\" data-element_type=\"section\" data-e-type=\"section\">\n\t\t\t\t\t\t<div class=\"elementor-container elementor-column-gap-default\">\n\t\t\t\t\t<div class=\"elementor-column elementor-col-100 elementor-top-column elementor-element elementor-element-3c3eb39\" data-id=\"3c3eb39\" data-element_type=\"column\" data-e-type=\"column\">\n\t\t\t<div class=\"elementor-widget-wrap elementor-element-populated\">\n\t\t\t\t\t\t<section class=\"elementor-section elementor-inner-section elementor-element elementor-element-01f60a3 elementor-section-boxed elementor-section-height-default elementor-section-height-default\" data-id=\"01f60a3\" data-element_type=\"section\" data-e-type=\"section\">\n\t\t\t\t\t\t<div class=\"elementor-container elementor-column-gap-default\">\n\t\t\t\t\t<div class=\"elementor-column elementor-col-50 elementor-inner-column elementor-element elementor-element-04db8be\" data-id=\"04db8be\" data-element_type=\"column\" data-e-type=\"column\">\n\t\t\t<div class=\"elementor-widget-wrap elementor-element-populated\">\n\t\t\t\t\t\t<div class=\"elementor-element elementor-element-eb1491b elementor-widget elementor-widget-heading\" data-id=\"eb1491b\" data-element_type=\"widget\" data-e-type=\"widget\" data-widget_type=\"heading.default\">\n\t\t\t\t<div class=\"elementor-widget-container\">\n\t\t\t\t\t<h2 class=\"elementor-heading-title elementor-size-default\">Your knife<\/h2>\t\t\t\t<\/div>\n\t\t\t\t<\/div>\n\t\t\t\t<div class=\"elementor-element elementor-element-d368dad elementor-widget elementor-widget-heading\" data-id=\"d368dad\" data-element_type=\"widget\" data-e-type=\"widget\" data-widget_type=\"heading.default\">\n\t\t\t\t<div class=\"elementor-widget-container\">\n\t\t\t\t\t<h3 class=\"elementor-heading-title elementor-size-default\">Your rules.<\/h3>\t\t\t\t<\/div>\n\t\t\t\t<\/div>\n\t\t\t\t<div class=\"elementor-element elementor-element-c5cb824 elementor-widget elementor-widget-heading\" data-id=\"c5cb824\" data-element_type=\"widget\" data-e-type=\"widget\" data-widget_type=\"heading.default\">\n\t\t\t\t<div class=\"elementor-widget-container\">\n\t\t\t\t\t<div class=\"elementor-heading-title elementor-size-default\">We start each project with a conversation-about your needs, style, and the story you want your knife to tell. Then I prepare a concept, quote, and create a one-of-a-kind blade step-by-step.<\/div>\t\t\t\t<\/div>\n\t\t\t\t<\/div>\n\t\t\t\t<div class=\"elementor-element elementor-element-b4732d3 elementor-mobile-align-center elementor-align-start elementor-icon-list--layout-traditional elementor-list-item-link-full_width elementor-widget elementor-widget-icon-list\" data-id=\"b4732d3\" data-element_type=\"widget\" data-e-type=\"widget\" data-widget_type=\"icon-list.default\">\n\t\t\t\t<div class=\"elementor-widget-container\">\n\t\t\t\t\t\t\t<ul class=\"elementor-icon-list-items\">\n\t\t\t\t\t\t\t<li class=\"elementor-icon-list-item\">\n\t\t\t\t\t\t\t\t\t\t<span class=\"elementor-icon-list-text\"><strong>Skontaktuj si\u0119 ze mn\u0105:<\/strong><\/span>\n\t\t\t\t\t\t\t\t\t<\/li>\n\t\t\t\t\t\t\t\t<li class=\"elementor-icon-list-item\">\n\t\t\t\t\t\t\t\t\t\t\t<a href=\"mailto:info@zdunekknives.com\">\n\n\t\t\t\t\t\t\t\t\t\t\t\t<span class=\"elementor-icon-list-icon\">\n\t\t\t\t\t\t\t<i aria-hidden=\"true\" class=\"far fa-envelope\"><\/i>\t\t\t\t\t\t<\/span>\n\t\t\t\t\t\t\t\t\t\t<span class=\"elementor-icon-list-text\">info@zdunekknives.com<\/span>\n\t\t\t\t\t\t\t\t\t\t\t<\/a>\n\t\t\t\t\t\t\t\t\t<\/li>\n\t\t\t\t\t\t\t\t<li class=\"elementor-icon-list-item\">\n\t\t\t\t\t\t\t\t\t\t\t<a href=\"tel:+48608432705\">\n\n\t\t\t\t\t\t\t\t\t\t\t\t<span class=\"elementor-icon-list-icon\">\n\t\t\t\t\t\t\t<i aria-hidden=\"true\" class=\"fas fa-phone-alt\"><\/i>\t\t\t\t\t\t<\/span>\n\t\t\t\t\t\t\t\t\t\t<span class=\"elementor-icon-list-text\">+48608432705<\/span>\n\t\t\t\t\t\t\t\t\t\t\t<\/a>\n\t\t\t\t\t\t\t\t\t<\/li>\n\t\t\t\t\t\t<\/ul>\n\t\t\t\t\t\t<\/div>\n\t\t\t\t<\/div>\n\t\t\t\t\t<\/div>\n\t\t<\/div>\n\t\t\t\t<div class=\"elementor-column elementor-col-50 elementor-inner-column elementor-element elementor-element-349bbaf\" data-id=\"349bbaf\" data-element_type=\"column\" data-e-type=\"column\">\n\t\t\t<div class=\"elementor-widget-wrap elementor-element-populated\">\n\t\t\t\t\t\t<div class=\"elementor-element elementor-element-19ce5e0 elementor-widget elementor-widget-image\" data-id=\"19ce5e0\" data-element_type=\"widget\" data-e-type=\"widget\" data-widget_type=\"image.default\">\n\t\t\t\t<div class=\"elementor-widget-container\">\n\t\t\t\t\t\t\t\t\t\t\t\t\t\t\t<img fetchpriority=\"high\" decoding=\"async\" width=\"1024\" height=\"301\" src=\"https:\/\/zdunekknives.com\/wp-content\/uploads\/2025\/09\/logo-black-1024x301.webp\" class=\"attachment-large size-large wp-image-90\" alt=\"\" srcset=\"https:\/\/zdunekknives.com\/wp-content\/uploads\/2025\/09\/logo-black-1024x301.webp 1024w, https:\/\/zdunekknives.com\/wp-content\/uploads\/2025\/09\/logo-black-300x88.webp 300w, https:\/\/zdunekknives.com\/wp-content\/uploads\/2025\/09\/logo-black-768x226.webp 768w, https:\/\/zdunekknives.com\/wp-content\/uploads\/2025\/09\/logo-black-1536x452.webp 1536w, https:\/\/zdunekknives.com\/wp-content\/uploads\/2025\/09\/logo-black.webp 2008w\" sizes=\"(max-width: 1024px) 100vw, 1024px\" \/>\t\t\t\t\t\t\t\t\t\t\t\t\t\t\t<\/div>\n\t\t\t\t<\/div>\n\t\t\t\t\t<\/div>\n\t\t<\/div>\n\t\t\t\t\t<\/div>\n\t\t<\/section>\n\t\t\t\t\t<\/div>\n\t\t<\/div>\n\t\t\t\t\t<\/div>\n\t\t<\/section>\n\t\t\t\t<section class=\"elementor-section elementor-top-section elementor-element elementor-element-775a60a elementor-section-boxed elementor-section-height-default elementor-section-height-default\" data-id=\"775a60a\" data-element_type=\"section\" data-e-type=\"section\" data-settings=\"{&quot;background_background&quot;:&quot;classic&quot;}\">\n\t\t\t\t\t\t\t<div class=\"elementor-background-overlay\"><\/div>\n\t\t\t\t\t\t\t<div class=\"elementor-container elementor-column-gap-default\">\n\t\t\t\t\t<div class=\"elementor-column elementor-col-100 elementor-top-column elementor-element elementor-element-e9d1db7\" data-id=\"e9d1db7\" data-element_type=\"column\" data-e-type=\"column\">\n\t\t\t<div class=\"elementor-widget-wrap elementor-element-populated\">\n\t\t\t\t\t\t<div class=\"elementor-element elementor-element-a7d52c5 elementor-widget elementor-widget-heading\" data-id=\"a7d52c5\" data-element_type=\"widget\" data-e-type=\"widget\" data-widget_type=\"heading.default\">\n\t\t\t\t<div class=\"elementor-widget-container\">\n\t\t\t\t\t<h2 class=\"elementor-heading-title elementor-size-default\">Nie wiesz od czego zacz\u0105\u0107?<\/h2>\t\t\t\t<\/div>\n\t\t\t\t<\/div>\n\t\t\t\t<div class=\"elementor-element elementor-element-fc41ab1 elementor-widget-divider--view-line elementor-widget elementor-widget-divider\" data-id=\"fc41ab1\" data-element_type=\"widget\" data-e-type=\"widget\" data-widget_type=\"divider.default\">\n\t\t\t\t<div class=\"elementor-widget-container\">\n\t\t\t\t\t\t\t<div class=\"elementor-divider\">\n\t\t\t<span class=\"elementor-divider-separator\">\n\t\t\t\t\t\t<\/span>\n\t\t<\/div>\n\t\t\t\t\t\t<\/div>\n\t\t\t\t<\/div>\n\t\t\t\t<div class=\"elementor-element elementor-element-2ea21bd elementor-widget elementor-widget-heading\" data-id=\"2ea21bd\" data-element_type=\"widget\" data-e-type=\"widget\" data-widget_type=\"heading.default\">\n\t\t\t\t<div class=\"elementor-widget-container\">\n\t\t\t\t\t<div class=\"elementor-heading-title elementor-size-default\">Wype\u0142nij poni\u017cszy formularz - skontaktuje si\u0119 z Tob\u0105 i razem dobierzemy najlepsze rozwi\u0105zanie!<\/div>\t\t\t\t<\/div>\n\t\t\t\t<\/div>\n\t\t\t\t\t<\/div>\n\t\t<\/div>\n\t\t\t\t\t<\/div>\n\t\t<\/section>\n\t\t\t\t<section class=\"elementor-section elementor-top-section elementor-element elementor-element-ce29ee4 elementor-section-boxed elementor-section-height-default elementor-section-height-default\" data-id=\"ce29ee4\" data-element_type=\"section\" data-e-type=\"section\">\n\t\t\t\t\t\t<div class=\"elementor-container elementor-column-gap-default\">\n\t\t\t\t\t<div class=\"elementor-column elementor-col-100 elementor-top-column elementor-element elementor-element-5ef8449\" data-id=\"5ef8449\" data-element_type=\"column\" data-e-type=\"column\">\n\t\t\t<div class=\"elementor-widget-wrap elementor-element-populated\">\n\t\t\t\t\t\t<section class=\"elementor-section elementor-inner-section elementor-element elementor-element-b680f21 elementor-section-boxed elementor-section-height-default elementor-section-height-default\" data-id=\"b680f21\" data-element_type=\"section\" data-e-type=\"section\">\n\t\t\t\t\t\t<div class=\"elementor-container elementor-column-gap-default\">\n\t\t\t\t\t<div class=\"elementor-column elementor-col-50 elementor-inner-column elementor-element elementor-element-274bd97\" data-id=\"274bd97\" data-element_type=\"column\" data-e-type=\"column\">\n\t\t\t<div class=\"elementor-widget-wrap elementor-element-populated\">\n\t\t\t\t\t\t<div class=\"elementor-element elementor-element-44a45c5 elementor-widget elementor-widget-heading\" data-id=\"44a45c5\" data-element_type=\"widget\" data-e-type=\"widget\" data-widget_type=\"heading.default\">\n\t\t\t\t<div class=\"elementor-widget-container\">\n\t\t\t\t\t<h3 class=\"elementor-heading-title elementor-size-default\">Formularz kontaktowy<\/h3>\t\t\t\t<\/div>\n\t\t\t\t<\/div>\n\t\t\t\t<div class=\"elementor-element elementor-element-cbf3251 elementor-widget elementor-widget-shortcode\" data-id=\"cbf3251\" data-element_type=\"widget\" data-e-type=\"widget\" data-widget_type=\"shortcode.default\">\n\t\t\t\t<div class=\"elementor-widget-container\">\n\t\t\t\t\t\t\t<div class=\"elementor-shortcode\">\n<div class=\"wpcf7 no-js\" id=\"wpcf7-f311-o1\" lang=\"pl-PL\" dir=\"ltr\" data-wpcf7-id=\"311\">\n<div class=\"screen-reader-response\"><p role=\"status\" aria-live=\"polite\" aria-atomic=\"true\"><\/p> <ul><\/ul><\/div>\n<form action=\"\/en\/wp-json\/wp\/v2\/pages\/512#wpcf7-f311-o1\" method=\"post\" class=\"wpcf7-form init\" aria-label=\"Formularz kontaktowy\" novalidate=\"novalidate\" data-status=\"init\" data-trp-original-action=\"\/en\/wp-json\/wp\/v2\/pages\/512#wpcf7-f311-o1\">\n<fieldset class=\"hidden-fields-container\"><input type=\"hidden\" name=\"_wpcf7\" value=\"311\" \/><input type=\"hidden\" name=\"_wpcf7_version\" value=\"6.1.5\" \/><input type=\"hidden\" name=\"_wpcf7_locale\" value=\"pl_PL\" \/><input type=\"hidden\" name=\"_wpcf7_unit_tag\" value=\"wpcf7-f311-o1\" \/><input type=\"hidden\" name=\"_wpcf7_container_post\" value=\"0\" \/><input type=\"hidden\" name=\"_wpcf7_posted_data_hash\" value=\"\" \/>\n<\/fieldset>\n<p><label>FCs<br \/>\n<span class=\"wpcf7-form-control-wrap\" data-name=\"your-name\"><input size=\"40\" maxlength=\"400\" class=\"wpcf7-form-control wpcf7-text wpcf7-validates-as-required\" autocomplete=\"name\" aria-required=\"true\" aria-invalid=\"false\" value=\"\" type=\"text\" name=\"your-name\" \/><\/span> <\/label><br \/>\n<label>Email address<br \/>\n<span class=\"wpcf7-form-control-wrap\" data-name=\"your-email\"><input size=\"40\" maxlength=\"400\" class=\"wpcf7-form-control wpcf7-email wpcf7-validates-as-required wpcf7-text wpcf7-validates-as-email\" autocomplete=\"email\" aria-required=\"true\" aria-invalid=\"false\" value=\"\" type=\"email\" name=\"your-email\" \/><\/span> <\/label><br \/>\n<label> Telephone<br \/>\n<span class=\"wpcf7-form-control-wrap\" data-name=\"telefon\"><input size=\"40\" maxlength=\"400\" class=\"wpcf7-form-control wpcf7-tel wpcf7-validates-as-required wpcf7-text wpcf7-validates-as-tel\" aria-required=\"true\" aria-invalid=\"false\" value=\"\" type=\"tel\" name=\"telefon\" \/><\/span><br \/>\n<\/label><br \/>\n<label> Your message (optional)<br \/>\n<span class=\"wpcf7-form-control-wrap\" data-name=\"your-message\"><textarea cols=\"40\" rows=\"10\" maxlength=\"2000\" class=\"wpcf7-form-control wpcf7-textarea\" aria-invalid=\"false\" name=\"your-message\"><\/textarea><\/span> <\/label><br \/>\n<span class=\"wpcf7-form-control-wrap\" data-name=\"acceptance-824\"><span class=\"wpcf7-form-control wpcf7-acceptance optional\"><span class=\"wpcf7-list-item\"><label><input type=\"checkbox\" name=\"acceptance-824\" value=\"1\" aria-invalid=\"false\" \/><span class=\"wpcf7-list-item-label\">I consent to the processing of my personal data by Revasdomo LLC, located at 17 F. Klimczak str. lok 80, 02-797 Warsaw, TIN: 5213559751, for the purpose of direct contact with the purpose of submitting a commercial offer. Consent is voluntary. I have the right to withdraw my consent at any time (the data is processed before the withdrawal of consent). I have the right to access the data, rectification, deletion or restriction of processing, the right to object, the right to file a complaint with a supervisory authority, or to transmit the data.<\/span><\/label><\/span><\/span><\/span><br \/>\n<input class=\"wpcf7-form-control wpcf7-submit has-spinner\" type=\"submit\" value=\"Start Designing Your Knife\" \/>\n<\/p><div class=\"wpcf7-response-output\" aria-hidden=\"true\"><\/div>\n<input type=\"hidden\" name=\"trp-form-language\" value=\"en\"\/><\/form>\n<\/div>\n<\/div>\n\t\t\t\t\t\t<\/div>\n\t\t\t\t<\/div>\n\t\t\t\t\t<\/div>\n\t\t<\/div>\n\t\t\t\t<div class=\"elementor-column elementor-col-50 elementor-inner-column elementor-element elementor-element-35a1c6d\" data-id=\"35a1c6d\" data-element_type=\"column\" data-e-type=\"column\">\n\t\t\t<div class=\"elementor-widget-wrap elementor-element-populated\">\n\t\t\t\t\t\t<div class=\"elementor-element elementor-element-0376d82 elementor-widget elementor-widget-image\" data-id=\"0376d82\" data-element_type=\"widget\" data-e-type=\"widget\" data-widget_type=\"image.default\">\n\t\t\t\t<div class=\"elementor-widget-container\">\n\t\t\t\t\t\t\t\t\t\t\t\t\t\t\t<img decoding=\"async\" width=\"466\" height=\"704\" src=\"https:\/\/zdunekknives.com\/wp-content\/uploads\/2025\/10\/noze.webp\" class=\"attachment-large size-large wp-image-223\" alt=\"\" srcset=\"https:\/\/zdunekknives.com\/wp-content\/uploads\/2025\/10\/noze.webp 466w, https:\/\/zdunekknives.com\/wp-content\/uploads\/2025\/10\/noze-199x300.webp 199w\" sizes=\"(max-width: 466px) 100vw, 466px\" \/>\t\t\t\t\t\t\t\t\t\t\t\t\t\t\t<\/div>\n\t\t\t\t<\/div>\n\t\t\t\t\t<\/div>\n\t\t<\/div>\n\t\t\t\t\t<\/div>\n\t\t<\/section>\n\t\t\t\t\t<\/div>\n\t\t<\/div>\n\t\t\t\t\t<\/div>\n\t\t<\/section>\n\t\t\t\t<\/div>","protected":false},"excerpt":{"rendered":"<p>Kontakt Home \/ Strona Tw\u00f3j n\u00f3\u017c Twoje zasady. Ka\u017cdy projekt zaczynamy od rozmowy \u2013 o Twoich potrzebach, stylu, historii, kt\u00f3r\u0105 chcesz, aby opowiada\u0142 Tw\u00f3j n\u00f3\u017c. Nast\u0119pnie przygotowuj\u0119 koncepcj\u0119, wycen\u0119 i krok po kroku tworz\u0119 ostrze, kt\u00f3re stanie si\u0119 jedyne w swoim rodzaju. Skontaktuj si\u0119 ze mn\u0105: info@zdunekknives.com +48608432705 Nie wiesz od czego zacz\u0105\u0107? Wype\u0142nij poni\u017cszy&hellip;&nbsp;<a href=\"https:\/\/zdunekknives.com\/en\/kontakt\/\" class=\"\" rel=\"bookmark\">Read More &raquo;<span class=\"screen-reader-text\">Contact Information<\/span><\/a><\/p>","protected":false},"author":1,"featured_media":0,"parent":0,"menu_order":0,"comment_status":"closed","ping_status":"closed","template":"page-templates\/template-pagebuilder-full-width.php","meta":{"neve_meta_sidebar":"","neve_meta_container":"","neve_meta_enable_content_width":"","neve_meta_content_width":0,"neve_meta_title_alignment":"","neve_meta_author_avatar":"","neve_post_elements_order":"","neve_meta_disable_header":"","neve_meta_disable_footer":"","neve_meta_disable_title":"","footnotes":""},"class_list":["post-512","page","type-page","status-publish","hentry"],"yoast_head":"<!-- This site is optimized with the Yoast SEO plugin v27.4 - https:\/\/yoast.com\/product\/yoast-seo-wordpress\/ -->\n<title>Kontakt - zdunekknives.com<\/title>\n<meta name=\"robots\" content=\"index, follow, max-snippet:-1, max-image-preview:large, max-video-preview:-1\" \/>\n<link rel=\"canonical\" href=\"https:\/\/zdunekknives.com\/en\/kontakt\/\" \/>\n<meta property=\"og:locale\" content=\"en_US\" \/>\n<meta property=\"og:type\" content=\"article\" \/>\n<meta property=\"og:title\" content=\"Kontakt - zdunekknives.com\" \/>\n<meta property=\"og:description\" content=\"Kontakt Home \/ Strona Tw\u00f3j n\u00f3\u017c Twoje zasady. Ka\u017cdy projekt zaczynamy od rozmowy \u2013 o Twoich potrzebach, stylu, historii, kt\u00f3r\u0105 chcesz, aby opowiada\u0142 Tw\u00f3j n\u00f3\u017c. Nast\u0119pnie przygotowuj\u0119 koncepcj\u0119, wycen\u0119 i krok po kroku tworz\u0119 ostrze, kt\u00f3re stanie si\u0119 jedyne w swoim rodzaju. Skontaktuj si\u0119 ze mn\u0105: info@zdunekknives.com +48608432705 Nie wiesz od czego zacz\u0105\u0107? Wype\u0142nij poni\u017cszy&hellip;&nbsp;Read More &raquo;Kontakt\" \/>\n<meta property=\"og:url\" content=\"https:\/\/zdunekknives.com\/en\/kontakt\/\" \/>\n<meta property=\"og:site_name\" content=\"zdunekknives.com\" \/>\n<meta property=\"article:modified_time\" content=\"2025-10-15T15:26:26+00:00\" \/>\n<meta property=\"og:image\" content=\"https:\/\/zdunekknives.com\/wp-content\/uploads\/2025\/09\/logo-black.webp\" \/>\n\t<meta property=\"og:image:width\" content=\"2008\" \/>\n\t<meta property=\"og:image:height\" content=\"591\" \/>\n\t<meta property=\"og:image:type\" content=\"image\/webp\" \/>\n<meta name=\"twitter:card\" content=\"summary_large_image\" \/>\n<script type=\"application\/ld+json\" class=\"yoast-schema-graph\">{\"@context\":\"https:\\\/\\\/schema.org\",\"@graph\":[{\"@type\":\"WebPage\",\"@id\":\"https:\\\/\\\/zdunekknives.com\\\/kontakt\\\/\",\"url\":\"https:\\\/\\\/zdunekknives.com\\\/kontakt\\\/\",\"name\":\"Kontakt - zdunekknives.com\",\"isPartOf\":{\"@id\":\"https:\\\/\\\/zdunekknives.com\\\/#website\"},\"primaryImageOfPage\":{\"@id\":\"https:\\\/\\\/zdunekknives.com\\\/kontakt\\\/#primaryimage\"},\"image\":{\"@id\":\"https:\\\/\\\/zdunekknives.com\\\/kontakt\\\/#primaryimage\"},\"thumbnailUrl\":\"https:\\\/\\\/zdunekknives.com\\\/wp-content\\\/uploads\\\/2025\\\/09\\\/logo-black-1024x301.webp\",\"datePublished\":\"2025-10-14T10:38:57+00:00\",\"dateModified\":\"2025-10-15T15:26:26+00:00\",\"breadcrumb\":{\"@id\":\"https:\\\/\\\/zdunekknives.com\\\/kontakt\\\/#breadcrumb\"},\"inLanguage\":\"en-US\",\"potentialAction\":[{\"@type\":\"ReadAction\",\"target\":[\"https:\\\/\\\/zdunekknives.com\\\/kontakt\\\/\"]}]},{\"@type\":\"ImageObject\",\"inLanguage\":\"en-US\",\"@id\":\"https:\\\/\\\/zdunekknives.com\\\/kontakt\\\/#primaryimage\",\"url\":\"https:\\\/\\\/zdunekknives.com\\\/wp-content\\\/uploads\\\/2025\\\/09\\\/logo-black-1024x301.webp\",\"contentUrl\":\"https:\\\/\\\/zdunekknives.com\\\/wp-content\\\/uploads\\\/2025\\\/09\\\/logo-black-1024x301.webp\"},{\"@type\":\"BreadcrumbList\",\"@id\":\"https:\\\/\\\/zdunekknives.com\\\/kontakt\\\/#breadcrumb\",\"itemListElement\":[{\"@type\":\"ListItem\",\"position\":1,\"name\":\"Strona g\u0142\u00f3wna\",\"item\":\"https:\\\/\\\/zdunekknives.com\\\/\"},{\"@type\":\"ListItem\",\"position\":2,\"name\":\"Kontakt\"}]},{\"@type\":\"WebSite\",\"@id\":\"https:\\\/\\\/zdunekknives.com\\\/#website\",\"url\":\"https:\\\/\\\/zdunekknives.com\\\/\",\"name\":\"zdunekknives.com\",\"description\":\"\",\"publisher\":{\"@id\":\"https:\\\/\\\/zdunekknives.com\\\/#\\\/schema\\\/person\\\/8302678bb4af7e4efd62b144282bb378\"},\"potentialAction\":[{\"@type\":\"SearchAction\",\"target\":{\"@type\":\"EntryPoint\",\"urlTemplate\":\"https:\\\/\\\/zdunekknives.com\\\/?s={search_term_string}\"},\"query-input\":{\"@type\":\"PropertyValueSpecification\",\"valueRequired\":true,\"valueName\":\"search_term_string\"}}],\"inLanguage\":\"en-US\"},{\"@type\":[\"Person\",\"Organization\"],\"@id\":\"https:\\\/\\\/zdunekknives.com\\\/#\\\/schema\\\/person\\\/8302678bb4af7e4efd62b144282bb378\",\"name\":\"Hubert Zdunek\",\"image\":{\"@type\":\"ImageObject\",\"inLanguage\":\"en-US\",\"@id\":\"https:\\\/\\\/zdunekknives.com\\\/wp-content\\\/uploads\\\/2025\\\/10\\\/foto3.webp\",\"url\":\"https:\\\/\\\/zdunekknives.com\\\/wp-content\\\/uploads\\\/2025\\\/10\\\/foto3.webp\",\"contentUrl\":\"https:\\\/\\\/zdunekknives.com\\\/wp-content\\\/uploads\\\/2025\\\/10\\\/foto3.webp\",\"width\":960,\"height\":951,\"caption\":\"Hubert Zdunek\"},\"logo\":{\"@id\":\"https:\\\/\\\/zdunekknives.com\\\/wp-content\\\/uploads\\\/2025\\\/10\\\/foto3.webp\"}}]}<\/script>\n<!-- \/ Yoast SEO plugin. -->","yoast_head_json":{"title":"Kontakt - zdunekknives.com","robots":{"index":"index","follow":"follow","max-snippet":"max-snippet:-1","max-image-preview":"max-image-preview:large","max-video-preview":"max-video-preview:-1"},"canonical":"https:\/\/zdunekknives.com\/en\/kontakt\/","og_locale":"en_US","og_type":"article","og_title":"Kontakt - zdunekknives.com","og_description":"Kontakt Home \/ Strona Tw\u00f3j n\u00f3\u017c Twoje zasady. Ka\u017cdy projekt zaczynamy od rozmowy \u2013 o Twoich potrzebach, stylu, historii, kt\u00f3r\u0105 chcesz, aby opowiada\u0142 Tw\u00f3j n\u00f3\u017c. Nast\u0119pnie przygotowuj\u0119 koncepcj\u0119, wycen\u0119 i krok po kroku tworz\u0119 ostrze, kt\u00f3re stanie si\u0119 jedyne w swoim rodzaju. Skontaktuj si\u0119 ze mn\u0105: info@zdunekknives.com +48608432705 Nie wiesz od czego zacz\u0105\u0107? Wype\u0142nij poni\u017cszy&hellip;&nbsp;Read More &raquo;Kontakt","og_url":"https:\/\/zdunekknives.com\/en\/kontakt\/","og_site_name":"zdunekknives.com","article_modified_time":"2025-10-15T15:26:26+00:00","og_image":[{"width":2008,"height":591,"url":"https:\/\/zdunekknives.com\/wp-content\/uploads\/2025\/09\/logo-black.webp","type":"image\/webp"}],"twitter_card":"summary_large_image","schema":{"@context":"https:\/\/schema.org","@graph":[{"@type":"WebPage","@id":"https:\/\/zdunekknives.com\/kontakt\/","url":"https:\/\/zdunekknives.com\/kontakt\/","name":"Kontakt - zdunekknives.com","isPartOf":{"@id":"https:\/\/zdunekknives.com\/#website"},"primaryImageOfPage":{"@id":"https:\/\/zdunekknives.com\/kontakt\/#primaryimage"},"image":{"@id":"https:\/\/zdunekknives.com\/kontakt\/#primaryimage"},"thumbnailUrl":"https:\/\/zdunekknives.com\/wp-content\/uploads\/2025\/09\/logo-black-1024x301.webp","datePublished":"2025-10-14T10:38:57+00:00","dateModified":"2025-10-15T15:26:26+00:00","breadcrumb":{"@id":"https:\/\/zdunekknives.com\/kontakt\/#breadcrumb"},"inLanguage":"en-US","potentialAction":[{"@type":"ReadAction","target":["https:\/\/zdunekknives.com\/kontakt\/"]}]},{"@type":"ImageObject","inLanguage":"en-US","@id":"https:\/\/zdunekknives.com\/kontakt\/#primaryimage","url":"https:\/\/zdunekknives.com\/wp-content\/uploads\/2025\/09\/logo-black-1024x301.webp","contentUrl":"https:\/\/zdunekknives.com\/wp-content\/uploads\/2025\/09\/logo-black-1024x301.webp"},{"@type":"BreadcrumbList","@id":"https:\/\/zdunekknives.com\/kontakt\/#breadcrumb","itemListElement":[{"@type":"ListItem","position":1,"name":"Strona g\u0142\u00f3wna","item":"https:\/\/zdunekknives.com\/"},{"@type":"ListItem","position":2,"name":"Kontakt"}]},{"@type":"WebSite","@id":"https:\/\/zdunekknives.com\/#website","url":"https:\/\/zdunekknives.com\/","name":"zdunekknives.com","description":"","publisher":{"@id":"https:\/\/zdunekknives.com\/#\/schema\/person\/8302678bb4af7e4efd62b144282bb378"},"potentialAction":[{"@type":"SearchAction","target":{"@type":"EntryPoint","urlTemplate":"https:\/\/zdunekknives.com\/?s={search_term_string}"},"query-input":{"@type":"PropertyValueSpecification","valueRequired":true,"valueName":"search_term_string"}}],"inLanguage":"en-US"},{"@type":["Person","Organization"],"@id":"https:\/\/zdunekknives.com\/#\/schema\/person\/8302678bb4af7e4efd62b144282bb378","name":"Hubert Zdunek","image":{"@type":"ImageObject","inLanguage":"en-US","@id":"https:\/\/zdunekknives.com\/wp-content\/uploads\/2025\/10\/foto3.webp","url":"https:\/\/zdunekknives.com\/wp-content\/uploads\/2025\/10\/foto3.webp","contentUrl":"https:\/\/zdunekknives.com\/wp-content\/uploads\/2025\/10\/foto3.webp","width":960,"height":951,"caption":"Hubert Zdunek"},"logo":{"@id":"https:\/\/zdunekknives.com\/wp-content\/uploads\/2025\/10\/foto3.webp"}}]}},"_links":{"self":[{"href":"https:\/\/zdunekknives.com\/en\/wp-json\/wp\/v2\/pages\/512","targetHints":{"allow":["GET"]}}],"collection":[{"href":"https:\/\/zdunekknives.com\/en\/wp-json\/wp\/v2\/pages"}],"about":[{"href":"https:\/\/zdunekknives.com\/en\/wp-json\/wp\/v2\/types\/page"}],"author":[{"embeddable":true,"href":"https:\/\/zdunekknives.com\/en\/wp-json\/wp\/v2\/users\/1"}],"replies":[{"embeddable":true,"href":"https:\/\/zdunekknives.com\/en\/wp-json\/wp\/v2\/comments?post=512"}],"version-history":[{"count":10,"href":"https:\/\/zdunekknives.com\/en\/wp-json\/wp\/v2\/pages\/512\/revisions"}],"predecessor-version":[{"id":542,"href":"https:\/\/zdunekknives.com\/en\/wp-json\/wp\/v2\/pages\/512\/revisions\/542"}],"wp:attachment":[{"href":"https:\/\/zdunekknives.com\/en\/wp-json\/wp\/v2\/media?parent=512"}],"curies":[{"name":"wp","href":"https:\/\/api.w.org\/{rel}","templated":true}]}}